{"id":3,"date":"2025-10-08T08:00:31","date_gmt":"2025-10-08T08:00:31","guid":{"rendered":"https:\/\/peppox.com\/?page_id=3"},"modified":"2025-10-13T20:03:52","modified_gmt":"2025-10-13T20:03:52","slug":"privacy-policy","status":"publish","type":"page","link":"https:\/\/peppox.com\/nb\/privacy-policy\/","title":{"rendered":"Personvernerkl\u00e6ring"},"content":{"rendered":"<h2 class=\"wp-block-heading\">Hvem vi er<\/h2>\n\n\n<p><strong class=\"privacy-policy-tutorial\">Foresl\u00e5tt tekst: <\/strong>Nettadressen v\u00e5r er: https:\/\/peppox.com.<\/p>\n\n\n<h2 class=\"wp-block-heading\">Kommentarer<\/h2>\n\n\n<p><strong class=\"privacy-policy-tutorial\">Foresl\u00e5tt tekst: <\/strong>N\u00e5r bes\u00f8kende legger igjen kommentarer p\u00e5 nettstedet, samler vi inn dataene som vises i kommentarskjemaet, i tillegg til den bes\u00f8kendes IP-adresse og nettleserens brukeragentstreng for \u00e5 hjelpe med \u00e5 oppdage spam.<\/p>\n\n\n<p>En anonymisert streng opprettet fra e-postadressen din (ogs\u00e5 kalt en hash) kan bli gitt til Gravatar-tjenesten for \u00e5 se om du bruker den. Gravatar-tjenestens personvernregler er tilgjengelig her: https:\/\/automattic.com\/privacy\/. Etter at kommentaren din er godkjent, er profilbildet ditt synlig for offentligheten i konteksten av kommentaren din.<\/p>\n\n\n<h2 class=\"wp-block-heading\">Media<\/h2>\n\n\n<p><strong class=\"privacy-policy-tutorial\">Foresl\u00e5tt tekst: <\/strong>Hvis du laster opp bilder til nettstedet, b\u00f8r du unng\u00e5 \u00e5 laste opp bilder med innebygde posisjonsdata (EXIF GPS). Bes\u00f8kende p\u00e5 nettstedet kan laste ned og hente ut posisjonsdata fra bilder p\u00e5 nettstedet.<\/p>\n\n\n<h2 class=\"wp-block-heading\">Informasjonskapsler<\/h2>\n\n\n<p><strong class=\"privacy-policy-tutorial\">Foresl\u00e5tt tekst: <\/strong>Hvis du legger igjen en kommentar p\u00e5 nettstedet v\u00e5rt, kan du velge \u00e5 lagre navn, e-postadresse og nettsted i informasjonskapsler. Disse er for din bekvemmelighet, slik at du ikke trenger \u00e5 fylle ut informasjonen din p\u00e5 nytt n\u00e5r du legger igjen en ny kommentar. Disse informasjonskapslene varer i ett \u00e5r.<\/p>\n\n\n<p>Hvis du bes\u00f8ker innloggingssiden v\u00e5r, vil vi sette en midlertidig informasjonskapsel for \u00e5 avgj\u00f8re om nettleseren din godtar informasjonskapsler. Denne informasjonskapselen inneholder ingen personopplysninger og forkastes n\u00e5r du lukker nettleseren.<\/p>\n\n\n<p>N\u00e5r du logger deg inn, vil vi ogs\u00e5 sette opp flere informasjonskapsler for \u00e5 lagre innloggingsinformasjonen din og skjermvisningsvalgene dine. Innloggingsinformasjonskapsler varer i to dager, og informasjonskapsler for skjermalternativer varer i ett \u00e5r. Hvis du velger \u00abHusk meg\u00bb, vil innloggingen din lagres i to uker. Hvis du logger deg ut av kontoen din, vil innloggingsinformasjonskapslene bli fjernet.<\/p>\n\n\n<p>Hvis du redigerer eller publiserer en artikkel, lagres en ekstra informasjonskapsel i nettleseren din. Denne informasjonskapselen inneholder ingen personopplysninger og angir kun innleggs-ID-en til artikkelen du nettopp redigerte. Den utl\u00f8per etter 1 dag.<\/p>\n\n\n<h2 class=\"wp-block-heading\">Innebygd innhold fra andre nettsteder<\/h2>\n\n\n<p><strong class=\"privacy-policy-tutorial\">Foresl\u00e5tt tekst: <\/strong>Artikler p\u00e5 dette nettstedet kan inneholde innebygd innhold (f.eks. videoer, bilder, artikler osv.). Innebygd innhold fra andre nettsteder oppf\u00f8rer seg p\u00e5 n\u00f8yaktig samme m\u00e5te som om den bes\u00f8kende har bes\u00f8kt det andre nettstedet.<\/p>\n\n\n<p>Disse nettstedene kan samle inn data om deg, bruke informasjonskapsler, legge inn ytterligere tredjepartssporing og overv\u00e5ke samhandlingen din med det innebygde innholdet, inkludert sporing av samhandlingen din med det innebygde innholdet hvis du har en konto og er logget inn p\u00e5 det nettstedet.<\/p>\n\n\n<h2 class=\"wp-block-heading\">Hvem vi deler dataene dine med<\/h2>\n\n\n<p><strong class=\"privacy-policy-tutorial\">Foresl\u00e5tt tekst: <\/strong>Hvis du ber om tilbakestilling av passord, vil IP-adressen din bli inkludert i tilbakestillings-e-posten.<\/p>\n\n\n<h2 class=\"wp-block-heading\">Hvor lenge vi oppbevarer dataene dine<\/h2>\n\n\n<p><strong class=\"privacy-policy-tutorial\">Foresl\u00e5tt tekst: <\/strong>Hvis du legger igjen en kommentar, lagres kommentaren og metadataene p\u00e5 ubestemt tid. Dette er slik at vi kan gjenkjenne og godkjenne eventuelle oppf\u00f8lgingskommentarer automatisk i stedet for \u00e5 sette dem i en modereringsk\u00f8.<\/p>\n\n\n<p>For brukere som registrerer seg p\u00e5 nettstedet v\u00e5rt (hvis noen), lagrer vi ogs\u00e5 den personlige informasjonen de oppgir i brukerprofilen sin. Alle brukere kan se, redigere eller slette sin personlige informasjon n\u00e5r som helst (med unntak av at de ikke kan endre brukernavnet sitt). Nettstedsadministratorer kan ogs\u00e5 se og redigere denne informasjonen.<\/p>\n\n\n<h2 class=\"wp-block-heading\">Hvilke rettigheter du har over dataene dine<\/h2>\n\n\n<p><strong class=\"privacy-policy-tutorial\">Foresl\u00e5tt tekst: <\/strong>Hvis du har en konto p\u00e5 dette nettstedet, eller har lagt igjen kommentarer, kan du be om \u00e5 motta en eksportert fil av personopplysningene vi har om deg, inkludert data du har gitt oss. Du kan ogs\u00e5 be om at vi sletter personopplysninger vi har om deg. Dette inkluderer ikke data vi er forpliktet til \u00e5 oppbevare av administrative, juridiske eller sikkerhetsmessige \u00e5rsaker.<\/p>\n\n\n<h2 class=\"wp-block-heading\">Hvor dataene dine sendes<\/h2>\n\n\n<p><strong class=\"privacy-policy-tutorial\">Foresl\u00e5tt tekst: <\/strong>Bes\u00f8kendes kommentarer kan bli sjekket via en automatisert spam-deteksjonstjeneste.<\/p>","protected":false},"excerpt":{"rendered":"<p>Hvem vi er Foresl\u00e5tt tekst: Nettadressen v\u00e5r er: https:\/\/peppox.com. Kommentarer Foresl\u00e5tt tekst: N\u00e5r bes\u00f8kende legger igjen kommentarer p\u00e5 nettstedet, samler vi inn dataene som vises i<span class=\"excerpt-hellip\"> [\u2026]<\/span><\/p>","protected":false},"author":1,"featured_media":0,"parent":0,"menu_order":0,"comment_status":"closed","ping_status":"open","template":"","meta":{"_monsterinsights_skip_tracking":false,"_monsterinsights_sitenote_active":false,"_monsterinsights_sitenote_note":"","_monsterinsights_sitenote_category":0,"footnotes":""},"class_list":["post-3","page","type-page","status-publish","hentry"],"aioseo_notices":[],"_links":{"self":[{"href":"https:\/\/peppox.com\/nb\/wp-json\/wp\/v2\/pages\/3","targetHints":{"allow":["GET"]}}],"collection":[{"href":"https:\/\/peppox.com\/nb\/wp-json\/wp\/v2\/pages"}],"about":[{"href":"https:\/\/peppox.com\/nb\/wp-json\/wp\/v2\/types\/page"}],"author":[{"embeddable":true,"href":"https:\/\/peppox.com\/nb\/wp-json\/wp\/v2\/users\/1"}],"replies":[{"embeddable":true,"href":"https:\/\/peppox.com\/nb\/wp-json\/wp\/v2\/comments?post=3"}],"version-history":[{"count":1,"href":"https:\/\/peppox.com\/nb\/wp-json\/wp\/v2\/pages\/3\/revisions"}],"predecessor-version":[{"id":179,"href":"https:\/\/peppox.com\/nb\/wp-json\/wp\/v2\/pages\/3\/revisions\/179"}],"wp:attachment":[{"href":"https:\/\/peppox.com\/nb\/wp-json\/wp\/v2\/media?parent=3"}],"curies":[{"name":"wp","href":"https:\/\/api.w.org\/{rel}","templated":true}]}}